{"id":150002,"date":"2025-02-27T09:44:21","date_gmt":"2025-02-27T09:44:21","guid":{"rendered":"https:\/\/18gifts.co.uk\/?post_type=product&#038;p=150002"},"modified":"2025-02-27T09:54:03","modified_gmt":"2025-02-27T09:54:03","slug":"system-jo-gelato-creme-brulee-%e6%b3%95%e5%bc%8f%e7%84%a6%e7%b3%96%e7%87%89%e8%9b%8b%e6%b0%b4%e6%ba%b6%e5%8f%af%e9%80%b2%e9%a3%9f%e6%bd%a4%e6%bb%91%e6%b6%b2","status":"publish","type":"product","link":"https:\/\/18gifts.co.uk\/en\/product\/system-jo-gelato-creme-brulee-%e6%b3%95%e5%bc%8f%e7%84%a6%e7%b3%96%e7%87%89%e8%9b%8b%e6%b0%b4%e6%ba%b6%e5%8f%af%e9%80%b2%e9%a3%9f%e6%bd%a4%e6%bb%91%e6%b6%b2\/","title":{"rendered":"System JO Gelato Cr\u00e8me Br\u00fbl\u00e9e Caramelised Eggs in a water-based edible lubricant."},"content":{"rendered":"","protected":false},"excerpt":{"rendered":"<p>English name: JO\u00ae H2O - GELATO - CREME BRULEE<\/p>\n<p>Jo H20 CREME BRULEE is a flavourful personal lubricant designed to enhance foreplay and intimacy. Formulated with a pure plant sourced glycerin and infused with natural flavour extracts. infused with natural flavour extracts.<\/p>\n<p>System JO H2O Creme Brulee flavour, a water-based lubricant formulated to enhance the intimacy and comfort of foreplay, System JO lubricants are consistently high quality, long-lasting, non-sticky and silky smooth. It is made from pure vegetable glycerin to minimise allergies. The French Caramel Egg Custard flavour is so authentic that it tastes like a real dessert. It is safe, sugar-free, zero calorie, pH balanced, and water soluble, making it easy to wash off.<\/p>\n<p>\u25ce Made in the USA<br \/>\nCreme Brulee Flavour<br \/>\n\u25ce Free of sugar, Paraben preservative, propylene glycol<br \/>\n\u25ce Zero calories<br \/>\n\u25ce Long-lasting lubrication<br \/>\n\u25ce Silky smooth<br \/>\n\u25ce Easy to use and clean<br \/>\n\u25ce Eatable<br \/>\n\u25ce Low viscosity<br \/>\n\u25ce Water soluble<br \/>\nCapacity: 30ml\/120ml<\/p>\n<p>Ingredients: Water (Aqua), Glycerin, Potassium Sorbate, Hydroxyethylcellulose, Flavour (Aroma), Sucralose, Sodium Chloride, Citric Acid<\/p>","protected":false},"featured_media":150086,"comment_status":"open","ping_status":"closed","template":"","meta":{"wds_primary_product_brand":0,"wds_primary_product_cat":0},"product_cat":[664,527,84,523,317,112,26],"product_tag":[665,530,531,319],"class_list":{"0":"post-150002","1":"product","2":"type-product","3":"status-publish","4":"has-post-thumbnail","6":"product_brand-system-jo","7":"product_cat-system-jo","8":"product_cat-527","9":"product_cat-woman-collection","10":"product_cat-523","11":"product_cat-317","12":"product_cat-lube-lotion","13":"product_cat-man-collection","14":"product_tag-system-jo","15":"product_tag-530","16":"product_tag-531","17":"product_tag-319","19":"first","20":"outofstock","21":"taxable","22":"shipping-taxable","23":"purchasable","24":"product-type-variable","25":"has-default-attributes"},"_links":{"self":[{"href":"https:\/\/18gifts.co.uk\/en\/wp-json\/wp\/v2\/product\/150002","targetHints":{"allow":["GET"]}}],"collection":[{"href":"https:\/\/18gifts.co.uk\/en\/wp-json\/wp\/v2\/product"}],"about":[{"href":"https:\/\/18gifts.co.uk\/en\/wp-json\/wp\/v2\/types\/product"}],"replies":[{"embeddable":true,"href":"https:\/\/18gifts.co.uk\/en\/wp-json\/wp\/v2\/comments?post=150002"}],"wp:featuredmedia":[{"embeddable":true,"href":"https:\/\/18gifts.co.uk\/en\/wp-json\/wp\/v2\/media\/150086"}],"wp:attachment":[{"href":"https:\/\/18gifts.co.uk\/en\/wp-json\/wp\/v2\/media?parent=150002"}],"wp:term":[{"taxonomy":"product_cat","embeddable":true,"href":"https:\/\/18gifts.co.uk\/en\/wp-json\/wp\/v2\/product_cat?post=150002"},{"taxonomy":"product_tag","embeddable":true,"href":"https:\/\/18gifts.co.uk\/en\/wp-json\/wp\/v2\/product_tag?post=150002"}],"curies":[{"name":"wp","href":"https:\/\/api.w.org\/{rel}","templated":true}]}}